{"id":2526,"date":"2025-01-22T14:01:20","date_gmt":"2025-01-22T13:01:20","guid":{"rendered":"https:\/\/humbifarm.com\/aviso-legal\/"},"modified":"2025-02-05T14:35:37","modified_gmt":"2025-02-05T13:35:37","slug":"aviso-legal","status":"publish","type":"page","link":"https:\/\/humbifarm.com\/pt-pt\/aviso-legal\/","title":{"rendered":"Aviso Legal"},"content":{"rendered":"\t\t<div data-elementor-type=\"wp-page\" data-elementor-id=\"2526\" class=\"elementor elementor-2526 elementor-2100\" data-elementor-post-type=\"page\">\n\t\t\t\t<div class=\"elementor-element elementor-element-7c882eb e-flex e-con-boxed e-con e-parent\" data-id=\"7c882eb\" data-element_type=\"container\" data-e-type=\"container\" data-settings=\"{&quot;background_background&quot;:&quot;classic&quot;}\">\n\t\t\t\t\t<div class=\"e-con-inner\">\n\t\t\t\t<div class=\"elementor-element elementor-element-d75ffd9 elementor-widget elementor-widget-heading\" data-id=\"d75ffd9\" data-element_type=\"widget\" data-e-type=\"widget\" data-widget_type=\"heading.default\">\n\t\t\t\t<div class=\"elementor-widget-container\">\n\t\t\t\t\t<h2 class=\"elementor-heading-title elementor-size-default\">AVISO LEGAL<\/h2>\t\t\t\t<\/div>\n\t\t\t\t<\/div>\n\t\t\t\t<div class=\"elementor-element elementor-element-cf4442f elementor-widget elementor-widget-text-editor\" data-id=\"cf4442f\" data-element_type=\"widget\" data-e-type=\"widget\" data-widget_type=\"text-editor.default\">\n\t\t\t\t<div class=\"elementor-widget-container\">\n\t\t\t\t\t\t\t\t\t<h3 class=\"p1\"><b>Aviso Legal e Pol\u00edtica de Privacidade<\/b><b><\/b><\/h3>\n<p class=\"p3\"><b>1. Informa\u00e7\u00f5es Gerais<\/b><b><\/b><\/p>\n<p class=\"p4\">Em conformidade com a normativa vigente sobre servi\u00e7os da sociedade da informa\u00e7\u00e3o e com\u00e9rcio eletr\u00f3nico, informa-se os utilizadores de que a presente p\u00e1gina web (doravante, \u201cHumbi Home\u201d) \u00e9 operada por:<\/p>\n<p class=\"p5\">\u2022<b>Nome da entidade:<\/b> Fundaci\u00f3n Khanimambo<\/p>\n<p class=\"p5\">\u2022<b>Morada<\/b>: Rua da Humbi, 1. Bairro de Macamwuiene Sul, Praia de Xai-Xai, Mozambique <\/p>\n<p class=\"p5\">\u2022<b>Emai<\/b>l: <a href=\"mailto:home@humbifarm.com\">home@humbifarm.com<\/a><\/p>\n<p class=\"p5\">\u2022<b>Contacto<\/b>: +258845813250<\/p>\n<p class=\"p3\"><b>2. Condi\u00e7\u00f5es de Uso<\/b><b><\/b><\/p>\n<p class=\"p4\">O acesso e a navega\u00e7\u00e3o neste site implicam a aceita\u00e7\u00e3o expressa dos termos e condi\u00e7\u00f5es aqui estabelecidos. O utilizador compromete-se a utilizar o site de forma respons\u00e1vel e a respeitar a legisla\u00e7\u00e3o aplic\u00e1vel. <\/p>\n<p class=\"p3\"><b>3. Prote\u00e7\u00e3o de Dados Pessoais<\/b><b><\/b><\/p>\n<p class=\"p4\">A Fundaci\u00f3n Khanimambo, em conformidade com a normativa aplic\u00e1vel em mat\u00e9ria de prote\u00e7\u00e3o de dados pessoais, garante que os dados dos utilizadores ser\u00e3o tratados de forma l\u00edcita, leal e transparente.<\/p>\n<p class=\"p5\">\u2022<b>Finalidade do tratamento<\/b>: Os dados ser\u00e3o utilizados para gerir reservas, responder a consultas, enviar informa\u00e7\u00f5es sobre experi\u00eancias ou servi\u00e7os relacionados e garantir uma experi\u00eancia personalizada.<\/p>\n<p class=\"p5\">\u2022<b>Base jur\u00eddica:<\/b> Consentimento expl\u00edcito do utilizador ao preencher formul\u00e1rios ou realizar consultas.<\/p>\n<p class=\"p5\">\u2022<b>Destinat\u00e1rios:<\/b> Os dados n\u00e3o ser\u00e3o partilhados com terceiros sem o consentimento do utilizador, salvo em caso de obriga\u00e7\u00e3o legal.<\/p>\n<p class=\"p5\">\u2022<b>Direitos do usu\u00e1rio:<\/b> A qualquer momento, o utilizador pode exercer os seus direitos de acesso, retifica\u00e7\u00e3o, cancelamento, oposi\u00e7\u00e3o, portabilidade ou limita\u00e7\u00e3o do tratamento, escrevendo para <a href=\"mailto:home@humbifarm.com\">home@humbifarm.com<\/a>.<\/p>\n<p class=\"p3\"><b>4. Propiedade Intelectual<\/b><b><\/b><\/p>\n<p class=\"p4\">Todos os conte\u00fados deste site, incluindo textos, imagens, logotipos e design, s\u00e3o propriedade exclusiva da Humbi Home ou possuem as licen\u00e7as necess\u00e1rias para o seu uso. \u00c9 proibida a reprodu\u00e7\u00e3o, distribui\u00e7\u00e3o ou modifica\u00e7\u00e3o sem autoriza\u00e7\u00e3o expressa. <\/p>\n<p class=\"p3\"><b>5. Uso de Cookies<\/b><b><\/b><\/p>\n<p class=\"p4\">Este site utiliza cookies para melhorar a experi\u00eancia do utilizador e oferecer servi\u00e7os personalizados. Ao navegar neste site, o utilizador aceita o uso de cookies conforme a Pol\u00edtica de Cookies, dispon\u00edvel para consulta abaixo. <\/p>\n<p class=\"p3\"><b>6. Limita\u00e7\u00e3o de Responsabilidade<\/b><b><\/b><\/p>\n<p class=\"p4\">A Funda\u00e7\u00e3o Khanimambo n\u00e3o se responsabiliza por danos ou preju\u00edzos que possam derivar do uso indevido do site, interrup\u00e7\u00f5es no servi\u00e7o ou erros nos conte\u00fados. O utilizador \u00e9 respons\u00e1vel por garantir que o seu uso do site cumpre com as leis locais aplic\u00e1veis. <\/p>\n<p class=\"p3\"><b>7. Modifica\u00e7\u00f5es<\/b><b><\/b><\/p>\n<p class=\"p4\">A Funda\u00e7\u00e3o Khanimambo reserva-se o direito de modificar este Aviso Legal e a Pol\u00edtica de Privacidade a qualquer momento. Recomenda-se a revis\u00e3o peri\u00f3dica deste documento para estar a par das atualiza\u00e7\u00f5es. <\/p>\n<p class=\"p3\"><b>8. Legisla\u00e7\u00e3o Aplic\u00e1vel e Jurisdi\u00e7\u00e3o<\/b><b><\/b><\/p>\n<p class=\"p4\">Este Aviso Legal rege-se pela legisla\u00e7\u00e3o de Espanha. Em caso de controv\u00e9rsias, as partes submeter-se-\u00e3o aos tribunais competentes de Madrid, salvo disposi\u00e7\u00e3o legal imperativa em sentido contr\u00e1rio. <\/p>\n\t\t\t\t\t\t\t\t<\/div>\n\t\t\t\t<\/div>\n\t\t\t\t\t<\/div>\n\t\t\t\t<\/div>\n\t\t\t\t<\/div>\n\t\t","protected":false},"excerpt":{"rendered":"<p>AVISO LEGAL Aviso Legal e Pol\u00edtica de Privacidade 1. Informa\u00e7\u00f5es Gerais Em conformidade com a normativa vigente sobre servi\u00e7os da sociedade da informa\u00e7\u00e3o e com\u00e9rcio eletr\u00f3nico, informa-se os utilizadores de que a presente p\u00e1gina web (doravante, \u201cHumbi Home\u201d) \u00e9 operada por: \u2022Nome da entidade: Fundaci\u00f3n Khanimambo \u2022Morada: Rua da Humbi, 1. Bairro de Macamwuiene Sul, [&hellip;]<\/p>\n","protected":false},"author":1,"featured_media":0,"parent":0,"menu_order":0,"comment_status":"closed","ping_status":"closed","template":"","meta":{"footnotes":""},"class_list":["post-2526","page","type-page","status-publish","hentry"],"aioseo_notices":[],"_links":{"self":[{"href":"https:\/\/humbifarm.com\/pt-pt\/wp-json\/wp\/v2\/pages\/2526","targetHints":{"allow":["GET"]}}],"collection":[{"href":"https:\/\/humbifarm.com\/pt-pt\/wp-json\/wp\/v2\/pages"}],"about":[{"href":"https:\/\/humbifarm.com\/pt-pt\/wp-json\/wp\/v2\/types\/page"}],"author":[{"embeddable":true,"href":"https:\/\/humbifarm.com\/pt-pt\/wp-json\/wp\/v2\/users\/1"}],"replies":[{"embeddable":true,"href":"https:\/\/humbifarm.com\/pt-pt\/wp-json\/wp\/v2\/comments?post=2526"}],"version-history":[{"count":1,"href":"https:\/\/humbifarm.com\/pt-pt\/wp-json\/wp\/v2\/pages\/2526\/revisions"}],"predecessor-version":[{"id":2527,"href":"https:\/\/humbifarm.com\/pt-pt\/wp-json\/wp\/v2\/pages\/2526\/revisions\/2527"}],"wp:attachment":[{"href":"https:\/\/humbifarm.com\/pt-pt\/wp-json\/wp\/v2\/media?parent=2526"}],"curies":[{"name":"wp","href":"https:\/\/api.w.org\/{rel}","templated":true}]}}