{"id":2158,"date":"2025-01-20T14:04:59","date_gmt":"2025-01-20T13:04:59","guid":{"rendered":"https:\/\/humbifarm.com\/farm\/"},"modified":"2025-03-24T15:27:27","modified_gmt":"2025-03-24T14:27:27","slug":"farm","status":"publish","type":"page","link":"https:\/\/humbifarm.com\/pt-pt\/farm\/","title":{"rendered":"Farm"},"content":{"rendered":"\t\t<div data-elementor-type=\"wp-post\" data-elementor-id=\"2158\" class=\"elementor elementor-2158 elementor-1461\" data-elementor-post-type=\"page\">\n\t\t\t\t<div class=\"elementor-element elementor-element-66baaf7 e-con-full e-flex e-con e-parent\" data-id=\"66baaf7\" data-element_type=\"container\" data-e-type=\"container\" data-settings=\"{&quot;background_background&quot;:&quot;classic&quot;}\">\n\t\t<div class=\"elementor-element elementor-element-95b24af e-con-full e-flex e-con e-child\" data-id=\"95b24af\" data-element_type=\"container\" data-e-type=\"container\" data-settings=\"{&quot;background_background&quot;:&quot;classic&quot;}\">\n\t\t\t\t<div class=\"elementor-element elementor-element-43019a5 elementor-widget elementor-widget-heading\" data-id=\"43019a5\" data-element_type=\"widget\" data-e-type=\"widget\" data-widget_type=\"heading.default\">\n\t\t\t\t<div class=\"elementor-widget-container\">\n\t\t\t\t\t<h1 class=\"elementor-heading-title elementor-size-default\">HUMBI FARM<\/h1>\t\t\t\t<\/div>\n\t\t\t\t<\/div>\n\t\t\t\t<div class=\"elementor-element elementor-element-6e3eb17 elementor-widget elementor-widget-text-editor\" data-id=\"6e3eb17\" data-element_type=\"widget\" data-e-type=\"widget\" data-widget_type=\"text-editor.default\">\n\t\t\t\t<div class=\"elementor-widget-container\">\n\t\t\t\t\t\t\t\t\t<p class=\"p1\">Agricultura regenerativa, sustent\u00e1vel e transformadora no cora\u00e7\u00e3o de Mo\u00e7ambique.<\/p>\n\t\t\t\t\t\t\t\t<\/div>\n\t\t\t\t<\/div>\n\t\t\t\t<\/div>\n\t\t\t\t<\/div>\n\t\t<div class=\"elementor-element elementor-element-363addb e-con-full e-flex e-con e-parent\" data-id=\"363addb\" data-element_type=\"container\" data-e-type=\"container\" data-settings=\"{&quot;background_background&quot;:&quot;classic&quot;}\">\n\t\t<div class=\"elementor-element elementor-element-fe9eb3f e-con-full e-flex e-con e-child\" data-id=\"fe9eb3f\" data-element_type=\"container\" data-e-type=\"container\">\n\t\t\t\t<div class=\"elementor-element elementor-element-8a10aa9 elementor-widget elementor-widget-heading\" data-id=\"8a10aa9\" data-element_type=\"widget\" data-e-type=\"widget\" data-widget_type=\"heading.default\">\n\t\t\t\t<div class=\"elementor-widget-container\">\n\t\t\t\t\t<h2 class=\"elementor-heading-title elementor-size-default\">UM PROJETO AGR\u00cdCOLA PIONIEIRO<\/h2>\t\t\t\t<\/div>\n\t\t\t\t<\/div>\n\t\t\t\t<\/div>\n\t\t\t\t<\/div>\n\t\t<div class=\"elementor-element elementor-element-af63f13 e-con-full e-flex e-con e-parent\" data-id=\"af63f13\" data-element_type=\"container\" data-e-type=\"container\" data-settings=\"{&quot;background_background&quot;:&quot;classic&quot;}\">\n\t\t<div class=\"elementor-element elementor-element-007e683 e-flex e-con-boxed e-con e-child\" data-id=\"007e683\" data-element_type=\"container\" data-e-type=\"container\">\n\t\t\t\t\t<div class=\"e-con-inner\">\n\t\t<div class=\"elementor-element elementor-element-b3a5c83 e-con-full e-flex e-con e-child\" data-id=\"b3a5c83\" data-element_type=\"container\" data-e-type=\"container\">\n\t\t\t\t<div class=\"elementor-element elementor-element-b1c5544 elementor-widget elementor-widget-text-editor\" data-id=\"b1c5544\" data-element_type=\"widget\" data-e-type=\"widget\" data-widget_type=\"text-editor.default\">\n\t\t\t\t<div class=\"elementor-widget-container\">\n\t\t\t\t\t\t\t\t\t<p>A Humbi Farm baseia-se nos princ\u00edpios da permacultura, buscando restaurar e transformar a terra atrav\u00e9s de pr\u00e1ticas agr\u00edcolas respeitosas com o meio ambiente.<\/p>\n<p>Iniciado em 2020, este projeto busca n\u00e3o apenas abastecer o Centro Munti com alimentos frescos e sustent\u00e1veis, mas tamb\u00e9m gerar um impacto positivo na comunidade local.<\/p>\n<p>Com um foco na biodiversidade, na autossufici\u00eancia e na regenera\u00e7\u00e3o dos solos, a Humbi Farm tornou-se um modelo de sustentabilidade e de respeito pelo ambiente natural.<\/p>\n\t\t\t\t\t\t\t\t<\/div>\n\t\t\t\t<\/div>\n\t\t\t\t<\/div>\n\t\t\t\t\t<\/div>\n\t\t\t\t<\/div>\n\t\t\t\t<\/div>\n\t\t<div class=\"elementor-element elementor-element-83ea5aa e-con-full e-flex e-con e-parent\" data-id=\"83ea5aa\" data-element_type=\"container\" data-e-type=\"container\" data-settings=\"{&quot;background_background&quot;:&quot;classic&quot;}\">\n\t\t<div class=\"elementor-element elementor-element-e1c9aad e-con-full e-flex e-con e-child\" data-id=\"e1c9aad\" data-element_type=\"container\" data-e-type=\"container\" data-settings=\"{&quot;background_background&quot;:&quot;classic&quot;,&quot;background_motion_fx_motion_fx_scrolling&quot;:&quot;yes&quot;,&quot;background_motion_fx_translateY_effect&quot;:&quot;yes&quot;,&quot;background_motion_fx_translateY_speed&quot;:{&quot;unit&quot;:&quot;px&quot;,&quot;size&quot;:1.5,&quot;sizes&quot;:[]},&quot;background_motion_fx_translateY_affectedRange&quot;:{&quot;unit&quot;:&quot;%&quot;,&quot;size&quot;:&quot;&quot;,&quot;sizes&quot;:{&quot;start&quot;:10,&quot;end&quot;:90}},&quot;background_motion_fx_devices&quot;:[&quot;desktop&quot;,&quot;tablet&quot;,&quot;mobile&quot;]}\">\n\t\t\t\t<div class=\"elementor-element elementor-element-6a902ab elementor-widget elementor-widget-heading\" data-id=\"6a902ab\" data-element_type=\"widget\" data-e-type=\"widget\" data-widget_type=\"heading.default\">\n\t\t\t\t<div class=\"elementor-widget-container\">\n\t\t\t\t\t<h2 class=\"elementor-heading-title elementor-size-default\">IMPACTO LOCAL<\/h2>\t\t\t\t<\/div>\n\t\t\t\t<\/div>\n\t\t\t\t<div class=\"elementor-element elementor-element-7b064ae elementor-widget elementor-widget-text-editor\" data-id=\"7b064ae\" data-element_type=\"widget\" data-e-type=\"widget\" data-widget_type=\"text-editor.default\">\n\t\t\t\t<div class=\"elementor-widget-container\">\n\t\t\t\t\t\t\t\t\t<p class=\"p1\">Este \u00e9 um espa\u00e7o que n\u00e3o s\u00f3 trabalha pelo meio ambiente, mas tamb\u00e9m pelo bem-estar da comunidade local.<\/p>\n<p>Gra\u00e7as \u00e0s suas pr\u00e1ticas sustent\u00e1veis, a quinta fornece alimentos frescos e nutritivos \u00e0s crian\u00e7as do Centro Munti, promovendo a autossufici\u00eancia e a economia local.<\/p>\n<p>Al\u00e9m disso, gera emprego e oportunidades de forma\u00e7\u00e3o, criando um impacto direto na vida dos habitantes da regi\u00e3o.<\/p>\n\t\t\t\t\t\t\t\t<\/div>\n\t\t\t\t<\/div>\n\t\t\t\t<\/div>\n\t\t<div class=\"elementor-element elementor-element-1f9ad1d e-con-full elementor-hidden-mobile e-flex e-con e-child\" data-id=\"1f9ad1d\" data-element_type=\"container\" data-e-type=\"container\" data-settings=\"{&quot;background_background&quot;:&quot;classic&quot;}\">\n\t\t\t\t<\/div>\n\t\t\t\t<\/div>\n\t\t<div class=\"elementor-element elementor-element-e56e8fe e-con-full e-flex e-con e-parent\" data-id=\"e56e8fe\" data-element_type=\"container\" data-e-type=\"container\" data-settings=\"{&quot;background_background&quot;:&quot;classic&quot;}\">\n\t\t<div class=\"elementor-element elementor-element-f9e7862 e-con-full e-flex e-con e-child\" data-id=\"f9e7862\" data-element_type=\"container\" data-e-type=\"container\" data-settings=\"{&quot;background_background&quot;:&quot;classic&quot;}\">\n\t\t<div class=\"elementor-element elementor-element-cb7797e e-con-full e-flex e-con e-child\" data-id=\"cb7797e\" data-element_type=\"container\" data-e-type=\"container\">\n\t\t\t\t<div class=\"elementor-element elementor-element-a11fd6e elementor-widget elementor-widget-heading\" data-id=\"a11fd6e\" data-element_type=\"widget\" data-e-type=\"widget\" data-widget_type=\"heading.default\">\n\t\t\t\t<div class=\"elementor-widget-container\">\n\t\t\t\t\t<h2 class=\"elementor-heading-title elementor-size-default\">PERMACULTURA<\/h2>\t\t\t\t<\/div>\n\t\t\t\t<\/div>\n\t\t\t\t<div class=\"elementor-element elementor-element-e08a9f8 elementor-widget elementor-widget-text-editor\" data-id=\"e08a9f8\" data-element_type=\"widget\" data-e-type=\"widget\" data-widget_type=\"text-editor.default\">\n\t\t\t\t<div class=\"elementor-widget-container\">\n\t\t\t\t\t\t\t\t\t<p class=\"p1\">A Humbi Farm aplica os princ\u00edpios da permacultura, um sistema agr\u00edcola baseado na observa\u00e7\u00e3o da natureza, que promove a harmonia entre os seres humanos e o meio ambiente.<\/p>\n<p>Esta t\u00e9cnica sustent\u00e1vel permite cultivar sem esgotar os recursos, favorecendo a biodiversidade e a autorregula\u00e7\u00e3o do solo, o que torna a Humbi um referencial de agricultura ecol\u00f3gica em Mo\u00e7ambique.<\/p>\n\t\t\t\t\t\t\t\t<\/div>\n\t\t\t\t<\/div>\n\t\t\t\t<\/div>\n\t\t<div class=\"elementor-element elementor-element-dafc454 e-con-full e-flex e-con e-child\" data-id=\"dafc454\" data-element_type=\"container\" data-e-type=\"container\">\n\t\t\t\t<div class=\"elementor-element elementor-element-be04f8f elementor-widget elementor-widget-image\" data-id=\"be04f8f\" data-element_type=\"widget\" data-e-type=\"widget\" data-widget_type=\"image.default\">\n\t\t\t\t<div class=\"elementor-widget-container\">\n\t\t\t\t\t\t\t\t\t\t\t\t\t\t\t<img fetchpriority=\"high\" decoding=\"async\" width=\"800\" height=\"800\" src=\"https:\/\/humbifarm.com\/wp-content\/uploads\/2025\/01\/IMG_3404-1024x1024.jpg\" class=\"attachment-large size-large wp-image-1873\" alt=\"\" srcset=\"https:\/\/humbifarm.com\/wp-content\/uploads\/2025\/01\/IMG_3404-1024x1024.jpg 1024w, https:\/\/humbifarm.com\/wp-content\/uploads\/2025\/01\/IMG_3404-300x300.jpg 300w, https:\/\/humbifarm.com\/wp-content\/uploads\/2025\/01\/IMG_3404-150x150.jpg 150w, https:\/\/humbifarm.com\/wp-content\/uploads\/2025\/01\/IMG_3404-768x768.jpg 768w, https:\/\/humbifarm.com\/wp-content\/uploads\/2025\/01\/IMG_3404-1536x1536.jpg 1536w, https:\/\/humbifarm.com\/wp-content\/uploads\/2025\/01\/IMG_3404-2048x2048.jpg 2048w\" sizes=\"(max-width: 800px) 100vw, 800px\" \/>\t\t\t\t\t\t\t\t\t\t\t\t\t\t\t<\/div>\n\t\t\t\t<\/div>\n\t\t\t\t<\/div>\n\t\t\t\t<\/div>\n\t\t<div class=\"elementor-element elementor-element-b349f40 e-con-full elementor-hidden-mobile e-flex e-con e-child\" data-id=\"b349f40\" data-element_type=\"container\" data-e-type=\"container\" data-settings=\"{&quot;background_background&quot;:&quot;classic&quot;}\">\n\t\t\t\t<\/div>\n\t\t\t\t<\/div>\n\t\t<div class=\"elementor-element elementor-element-1949f8d e-con-full e-flex e-con e-parent\" data-id=\"1949f8d\" data-element_type=\"container\" data-e-type=\"container\" data-settings=\"{&quot;background_background&quot;:&quot;classic&quot;}\">\n\t\t<div class=\"elementor-element elementor-element-6b5d8d1 e-con-full e-flex e-con e-child\" data-id=\"6b5d8d1\" data-element_type=\"container\" data-e-type=\"container\" data-settings=\"{&quot;background_background&quot;:&quot;classic&quot;,&quot;background_motion_fx_motion_fx_scrolling&quot;:&quot;yes&quot;,&quot;background_motion_fx_translateY_effect&quot;:&quot;yes&quot;,&quot;background_motion_fx_translateY_speed&quot;:{&quot;unit&quot;:&quot;px&quot;,&quot;size&quot;:1.5,&quot;sizes&quot;:[]},&quot;background_motion_fx_translateY_affectedRange&quot;:{&quot;unit&quot;:&quot;%&quot;,&quot;size&quot;:&quot;&quot;,&quot;sizes&quot;:{&quot;start&quot;:10,&quot;end&quot;:90}},&quot;background_motion_fx_devices&quot;:[&quot;desktop&quot;,&quot;tablet&quot;,&quot;mobile&quot;]}\">\n\t\t\t\t<div class=\"elementor-element elementor-element-855056f elementor-widget elementor-widget-heading\" data-id=\"855056f\" data-element_type=\"widget\" data-e-type=\"widget\" data-widget_type=\"heading.default\">\n\t\t\t\t<div class=\"elementor-widget-container\">\n\t\t\t\t\t<h2 class=\"elementor-heading-title elementor-size-default\">ZONAS DE CULTIVO<\/h2>\t\t\t\t<\/div>\n\t\t\t\t<\/div>\n\t\t\t\t<div class=\"elementor-element elementor-element-5e34f77 elementor-widget elementor-widget-text-editor\" data-id=\"5e34f77\" data-element_type=\"widget\" data-e-type=\"widget\" data-widget_type=\"text-editor.default\">\n\t\t\t\t<div class=\"elementor-widget-container\">\n\t\t\t\t\t\t\t\t\t<p>A Humbi Farm est\u00e1 dividida em seis zonas de cultivo: Goodall, Fukuoka, Wangari, C\u00e1ceres, Amaz\u00f4nia e Vandana, que desempenham fun\u00e7\u00f5es distintas e permitem uma planta\u00e7\u00e3o variada de acordo com as particularidades de cada espa\u00e7o.<\/p>\n\t\t\t\t\t\t\t\t<\/div>\n\t\t\t\t<\/div>\n\t\t\t\t<\/div>\n\t\t\t\t<\/div>\n\t\t\t\t<\/div>\n\t\t","protected":false},"excerpt":{"rendered":"<p>Agricultura regenerativa, sustent\u00e1vel e transformadora no cora\u00e7\u00e3o de Mo\u00e7ambique.<\/p>\n","protected":false},"author":1,"featured_media":1911,"parent":0,"menu_order":0,"comment_status":"closed","ping_status":"closed","template":"","meta":{"footnotes":""},"class_list":["post-2158","page","type-page","status-publish","has-post-thumbnail","hentry"],"aioseo_notices":[],"_links":{"self":[{"href":"https:\/\/humbifarm.com\/pt-pt\/wp-json\/wp\/v2\/pages\/2158","targetHints":{"allow":["GET"]}}],"collection":[{"href":"https:\/\/humbifarm.com\/pt-pt\/wp-json\/wp\/v2\/pages"}],"about":[{"href":"https:\/\/humbifarm.com\/pt-pt\/wp-json\/wp\/v2\/types\/page"}],"author":[{"embeddable":true,"href":"https:\/\/humbifarm.com\/pt-pt\/wp-json\/wp\/v2\/users\/1"}],"replies":[{"embeddable":true,"href":"https:\/\/humbifarm.com\/pt-pt\/wp-json\/wp\/v2\/comments?post=2158"}],"version-history":[{"count":9,"href":"https:\/\/humbifarm.com\/pt-pt\/wp-json\/wp\/v2\/pages\/2158\/revisions"}],"predecessor-version":[{"id":2709,"href":"https:\/\/humbifarm.com\/pt-pt\/wp-json\/wp\/v2\/pages\/2158\/revisions\/2709"}],"wp:featuredmedia":[{"embeddable":true,"href":"https:\/\/humbifarm.com\/pt-pt\/wp-json\/wp\/v2\/media\/1911"}],"wp:attachment":[{"href":"https:\/\/humbifarm.com\/pt-pt\/wp-json\/wp\/v2\/media?parent=2158"}],"curies":[{"name":"wp","href":"https:\/\/api.w.org\/{rel}","templated":true}]}}