{"id":2152,"date":"2025-01-17T09:30:05","date_gmt":"2025-01-17T08:30:05","guid":{"rendered":"https:\/\/humbifarm.com\/home\/gastronomia\/"},"modified":"2025-08-08T15:51:35","modified_gmt":"2025-08-08T13:51:35","slug":"gastronomia","status":"publish","type":"page","link":"https:\/\/humbifarm.com\/pt-pt\/home\/gastronomia\/","title":{"rendered":"Gastronomia"},"content":{"rendered":"\t\t<div data-elementor-type=\"wp-post\" data-elementor-id=\"2152\" class=\"elementor elementor-2152 elementor-1541\" data-elementor-post-type=\"page\">\n\t\t\t\t<div class=\"elementor-element elementor-element-66baaf7 e-con-full e-flex e-con e-parent\" data-id=\"66baaf7\" data-element_type=\"container\" data-e-type=\"container\" data-settings=\"{&quot;background_background&quot;:&quot;classic&quot;}\">\n\t\t<div class=\"elementor-element elementor-element-95b24af e-con-full e-flex e-con e-child\" data-id=\"95b24af\" data-element_type=\"container\" data-e-type=\"container\" data-settings=\"{&quot;background_background&quot;:&quot;classic&quot;}\">\n\t\t\t\t<div class=\"elementor-element elementor-element-43019a5 elementor-widget elementor-widget-heading\" data-id=\"43019a5\" data-element_type=\"widget\" data-e-type=\"widget\" data-widget_type=\"heading.default\">\n\t\t\t\t<div class=\"elementor-widget-container\">\n\t\t\t\t\t<h1 class=\"elementor-heading-title elementor-size-default\">GASTRONOMIA<\/h1>\t\t\t\t<\/div>\n\t\t\t\t<\/div>\n\t\t\t\t<div class=\"elementor-element elementor-element-6e3eb17 elementor-widget elementor-widget-text-editor\" data-id=\"6e3eb17\" data-element_type=\"widget\" data-e-type=\"widget\" data-widget_type=\"text-editor.default\">\n\t\t\t\t<div class=\"elementor-widget-container\">\n\t\t\t\t\t\t\t\t\t<p class=\"p1\">Pratos de sabores aut\u00eanticos e vibrantes para os nossos h\u00f3spedes.<\/p>\t\t\t\t\t\t\t\t<\/div>\n\t\t\t\t<\/div>\n\t\t\t\t<\/div>\n\t\t\t\t<\/div>\n\t\t<div class=\"elementor-element elementor-element-363addb e-con-full e-flex e-con e-parent\" data-id=\"363addb\" data-element_type=\"container\" data-e-type=\"container\" data-settings=\"{&quot;background_background&quot;:&quot;classic&quot;}\">\n\t\t<div class=\"elementor-element elementor-element-fe9eb3f e-con-full e-flex e-con e-child\" data-id=\"fe9eb3f\" data-element_type=\"container\" data-e-type=\"container\">\n\t\t\t\t<div class=\"elementor-element elementor-element-ddc6bdd elementor-invisible elementor-widget elementor-widget-image\" data-id=\"ddc6bdd\" data-element_type=\"widget\" data-e-type=\"widget\" data-settings=\"{&quot;_animation&quot;:&quot;rollIn&quot;}\" data-widget_type=\"image.default\">\n\t\t\t\t<div class=\"elementor-widget-container\">\n\t\t\t\t\t\t\t\t\t\t\t\t\t\t\t<img decoding=\"async\" width=\"150\" height=\"150\" src=\"https:\/\/humbifarm.com\/wp-content\/uploads\/2025\/01\/Marron-Oscuro_-17-copiass-150x150.png\" class=\"attachment-thumbnail size-thumbnail wp-image-2401\" alt=\"\" srcset=\"https:\/\/humbifarm.com\/wp-content\/uploads\/2025\/01\/Marron-Oscuro_-17-copiass-150x150.png 150w, https:\/\/humbifarm.com\/wp-content\/uploads\/2025\/01\/Marron-Oscuro_-17-copiass-300x300.png 300w, https:\/\/humbifarm.com\/wp-content\/uploads\/2025\/01\/Marron-Oscuro_-17-copiass-1024x1024.png 1024w, https:\/\/humbifarm.com\/wp-content\/uploads\/2025\/01\/Marron-Oscuro_-17-copiass-768x768.png 768w, https:\/\/humbifarm.com\/wp-content\/uploads\/2025\/01\/Marron-Oscuro_-17-copiass-1536x1536.png 1536w, https:\/\/humbifarm.com\/wp-content\/uploads\/2025\/01\/Marron-Oscuro_-17-copiass-2048x2048.png 2048w\" sizes=\"(max-width: 150px) 100vw, 150px\" \/>\t\t\t\t\t\t\t\t\t\t\t\t\t\t\t<\/div>\n\t\t\t\t<\/div>\n\t\t\t\t<div class=\"elementor-element elementor-element-8a10aa9 elementor-widget elementor-widget-heading\" data-id=\"8a10aa9\" data-element_type=\"widget\" data-e-type=\"widget\" data-widget_type=\"heading.default\">\n\t\t\t\t<div class=\"elementor-widget-container\">\n\t\t\t\t\t<h2 class=\"elementor-heading-title elementor-size-default\">DA HORTA \u00c0 MESA<\/h2>\t\t\t\t<\/div>\n\t\t\t\t<\/div>\n\t\t\t\t<\/div>\n\t\t\t\t<\/div>\n\t\t<div class=\"elementor-element elementor-element-af63f13 e-con-full e-flex e-con e-parent\" data-id=\"af63f13\" data-element_type=\"container\" data-e-type=\"container\" data-settings=\"{&quot;background_background&quot;:&quot;classic&quot;}\">\n\t\t<div class=\"elementor-element elementor-element-007e683 e-flex e-con-boxed e-con e-child\" data-id=\"007e683\" data-element_type=\"container\" data-e-type=\"container\">\n\t\t\t\t\t<div class=\"e-con-inner\">\n\t\t<div class=\"elementor-element elementor-element-b3a5c83 e-con-full e-flex e-con e-child\" data-id=\"b3a5c83\" data-element_type=\"container\" data-e-type=\"container\">\n\t\t\t\t<div class=\"elementor-element elementor-element-2672af2 elementor-widget elementor-widget-image\" data-id=\"2672af2\" data-element_type=\"widget\" data-e-type=\"widget\" data-widget_type=\"image.default\">\n\t\t\t\t<div class=\"elementor-widget-container\">\n\t\t\t\t\t\t\t\t\t\t\t\t\t\t\t<img fetchpriority=\"high\" decoding=\"async\" width=\"800\" height=\"800\" src=\"https:\/\/humbifarm.com\/wp-content\/uploads\/2025\/01\/IMG_3459-1024x1024.jpg\" class=\"attachment-large size-large wp-image-1518\" alt=\"\" srcset=\"https:\/\/humbifarm.com\/wp-content\/uploads\/2025\/01\/IMG_3459-1024x1024.jpg 1024w, https:\/\/humbifarm.com\/wp-content\/uploads\/2025\/01\/IMG_3459-300x300.jpg 300w, https:\/\/humbifarm.com\/wp-content\/uploads\/2025\/01\/IMG_3459-150x150.jpg 150w, https:\/\/humbifarm.com\/wp-content\/uploads\/2025\/01\/IMG_3459-768x768.jpg 768w, https:\/\/humbifarm.com\/wp-content\/uploads\/2025\/01\/IMG_3459-1536x1536.jpg 1536w, https:\/\/humbifarm.com\/wp-content\/uploads\/2025\/01\/IMG_3459.jpg 1800w\" sizes=\"(max-width: 800px) 100vw, 800px\" \/>\t\t\t\t\t\t\t\t\t\t\t\t\t\t\t<\/div>\n\t\t\t\t<\/div>\n\t\t\t\t<div class=\"elementor-element elementor-element-b1c5544 elementor-widget elementor-widget-text-editor\" data-id=\"b1c5544\" data-element_type=\"widget\" data-e-type=\"widget\" data-widget_type=\"text-editor.default\">\n\t\t\t\t<div class=\"elementor-widget-container\">\n\t\t\t\t\t\t\t\t\t<p class=\"p1\">A experi\u00eancia culin\u00e1ria na Humbi Home destaca-se pelo seu compromisso com a sustentabilidade e o respeito pela natureza.<\/p><p class=\"p1\">Aqui, a maioria dos ingredientes, frescos e de proximidade, s\u00e3o cultivados na nossa quinta ou prov\u00eam do Oceano \u00cdndico.<\/p>\t\t\t\t\t\t\t\t<\/div>\n\t\t\t\t<\/div>\n\t\t\t\t<\/div>\n\t\t<div class=\"elementor-element elementor-element-b6f69cd e-con-full e-flex e-con e-child\" data-id=\"b6f69cd\" data-element_type=\"container\" data-e-type=\"container\">\n\t\t\t\t<div class=\"elementor-element elementor-element-8704448 elementor-widget elementor-widget-text-editor\" data-id=\"8704448\" data-element_type=\"widget\" data-e-type=\"widget\" data-widget_type=\"text-editor.default\">\n\t\t\t\t<div class=\"elementor-widget-container\">\n\t\t\t\t\t\t\t\t\t<p class=\"p1\">Com um menu sazonal e uma cozinha aberta, os h\u00f3spedes poder\u00e3o desfrutar de uma gastronomia que funde a tradi\u00e7\u00e3o local com toques mediterr\u00e2nicos, promovendo o equil\u00edbrio entre o bem-estar e o respeito pelo ambiente.<\/p>\t\t\t\t\t\t\t\t<\/div>\n\t\t\t\t<\/div>\n\t\t\t\t<div class=\"elementor-element elementor-element-31bef20 elementor-widget elementor-widget-image\" data-id=\"31bef20\" data-element_type=\"widget\" data-e-type=\"widget\" data-widget_type=\"image.default\">\n\t\t\t\t<div class=\"elementor-widget-container\">\n\t\t\t\t\t\t\t\t\t\t\t\t\t\t\t<img decoding=\"async\" width=\"800\" height=\"800\" src=\"https:\/\/humbifarm.com\/wp-content\/uploads\/2025\/01\/IMG_3256-1024x1024.jpg\" class=\"attachment-large size-large wp-image-1521\" alt=\"\" srcset=\"https:\/\/humbifarm.com\/wp-content\/uploads\/2025\/01\/IMG_3256-1024x1024.jpg 1024w, https:\/\/humbifarm.com\/wp-content\/uploads\/2025\/01\/IMG_3256-300x300.jpg 300w, https:\/\/humbifarm.com\/wp-content\/uploads\/2025\/01\/IMG_3256-150x150.jpg 150w, https:\/\/humbifarm.com\/wp-content\/uploads\/2025\/01\/IMG_3256-768x768.jpg 768w, https:\/\/humbifarm.com\/wp-content\/uploads\/2025\/01\/IMG_3256-1536x1536.jpg 1536w, https:\/\/humbifarm.com\/wp-content\/uploads\/2025\/01\/IMG_3256.jpg 1800w\" sizes=\"(max-width: 800px) 100vw, 800px\" \/>\t\t\t\t\t\t\t\t\t\t\t\t\t\t\t<\/div>\n\t\t\t\t<\/div>\n\t\t\t\t<\/div>\n\t\t\t\t\t<\/div>\n\t\t\t\t<\/div>\n\t\t\t\t<\/div>\n\t\t<div class=\"elementor-element elementor-element-83ea5aa e-con-full e-flex e-con e-parent\" data-id=\"83ea5aa\" data-element_type=\"container\" data-e-type=\"container\" data-settings=\"{&quot;background_background&quot;:&quot;classic&quot;}\">\n\t\t<div class=\"elementor-element elementor-element-b349f40 e-con-full elementor-hidden-mobile e-flex e-con e-child\" data-id=\"b349f40\" data-element_type=\"container\" data-e-type=\"container\" data-settings=\"{&quot;background_background&quot;:&quot;classic&quot;}\">\n\t\t\t\t<\/div>\n\t\t<div class=\"elementor-element elementor-element-e1c9aad e-con-full e-flex e-con e-child\" data-id=\"e1c9aad\" data-element_type=\"container\" data-e-type=\"container\" data-settings=\"{&quot;background_background&quot;:&quot;classic&quot;,&quot;background_motion_fx_motion_fx_scrolling&quot;:&quot;yes&quot;,&quot;background_motion_fx_translateY_effect&quot;:&quot;yes&quot;,&quot;background_motion_fx_translateY_speed&quot;:{&quot;unit&quot;:&quot;px&quot;,&quot;size&quot;:1.5,&quot;sizes&quot;:[]},&quot;background_motion_fx_translateY_affectedRange&quot;:{&quot;unit&quot;:&quot;%&quot;,&quot;size&quot;:&quot;&quot;,&quot;sizes&quot;:{&quot;start&quot;:10,&quot;end&quot;:90}},&quot;background_motion_fx_devices&quot;:[&quot;desktop&quot;,&quot;tablet&quot;,&quot;mobile&quot;]}\">\n\t\t\t\t<div class=\"elementor-element elementor-element-6a902ab elementor-widget elementor-widget-heading\" data-id=\"6a902ab\" data-element_type=\"widget\" data-e-type=\"widget\" data-widget_type=\"heading.default\">\n\t\t\t\t<div class=\"elementor-widget-container\">\n\t\t\t\t\t<h2 class=\"elementor-heading-title elementor-size-default\">MENU AMBULANTE<\/h2>\t\t\t\t<\/div>\n\t\t\t\t<\/div>\n\t\t\t\t<div class=\"elementor-element elementor-element-7b064ae elementor-widget elementor-widget-text-editor\" data-id=\"7b064ae\" data-element_type=\"widget\" data-e-type=\"widget\" data-widget_type=\"text-editor.default\">\n\t\t\t\t<div class=\"elementor-widget-container\">\n\t\t\t\t\t\t\t\t\t<p class=\"p1\">O nosso menu sazonal varia a cada dia, adaptando-se aos produtos frescos que nos fornecem a horta da Humbi, o galinheiro e os pescadores locais.<\/p><p>Com uma proposta caseira e vari\u00e1vel, o menu utiliza ingredientes de quil\u00f3metro zero que capturam os sabores aut\u00eanticos da regi\u00e3o.<\/p><p><strong>ALMO\u00c7O<\/strong>: dois entrantes, prato principal e sobremesa &#8211; <strong>1.150 mt <\/strong> <\/p><p>(12:30h &#8211; 14:00h)<\/p><p><strong>JANTAR:<\/strong> dois entrantes, prato principal e sobremesa &#8211; <strong>1.450 mt <\/strong> <\/p><p>(19:30 &#8211; 21:00h)<\/p>\t\t\t\t\t\t\t\t<\/div>\n\t\t\t\t<\/div>\n\t\t\t\t<\/div>\n\t\t\t\t<\/div>\n\t\t<div class=\"elementor-element elementor-element-2a97626 e-con-full e-flex e-con e-parent\" data-id=\"2a97626\" data-element_type=\"container\" data-e-type=\"container\">\n\t\t<div class=\"elementor-element elementor-element-bf162e3 e-con-full elementor-hidden-mobile e-flex e-con e-child\" data-id=\"bf162e3\" data-element_type=\"container\" data-e-type=\"container\" data-settings=\"{&quot;background_background&quot;:&quot;classic&quot;}\">\n\t\t\t\t<\/div>\n\t\t<div class=\"elementor-element elementor-element-b38da84 e-con-full e-flex e-con e-child\" data-id=\"b38da84\" data-element_type=\"container\" data-e-type=\"container\" data-settings=\"{&quot;background_background&quot;:&quot;classic&quot;}\">\n\t\t<div class=\"elementor-element elementor-element-20d299d e-con-full e-flex e-con e-child\" data-id=\"20d299d\" data-element_type=\"container\" data-e-type=\"container\">\n\t\t\t\t<div class=\"elementor-element elementor-element-398088b elementor-widget elementor-widget-image\" data-id=\"398088b\" data-element_type=\"widget\" data-e-type=\"widget\" data-widget_type=\"image.default\">\n\t\t\t\t<div class=\"elementor-widget-container\">\n\t\t\t\t\t\t\t\t\t\t\t\t\t\t\t<img loading=\"lazy\" decoding=\"async\" width=\"800\" height=\"800\" src=\"https:\/\/humbifarm.com\/wp-content\/uploads\/2025\/01\/IMG_3500-1024x1024.jpg\" class=\"attachment-large size-large wp-image-1477\" alt=\"\" srcset=\"https:\/\/humbifarm.com\/wp-content\/uploads\/2025\/01\/IMG_3500-1024x1024.jpg 1024w, https:\/\/humbifarm.com\/wp-content\/uploads\/2025\/01\/IMG_3500-300x300.jpg 300w, https:\/\/humbifarm.com\/wp-content\/uploads\/2025\/01\/IMG_3500-150x150.jpg 150w, https:\/\/humbifarm.com\/wp-content\/uploads\/2025\/01\/IMG_3500-768x768.jpg 768w, https:\/\/humbifarm.com\/wp-content\/uploads\/2025\/01\/IMG_3500-1536x1536.jpg 1536w, https:\/\/humbifarm.com\/wp-content\/uploads\/2025\/01\/IMG_3500.jpg 1800w\" sizes=\"(max-width: 800px) 100vw, 800px\" \/>\t\t\t\t\t\t\t\t\t\t\t\t\t\t\t<\/div>\n\t\t\t\t<\/div>\n\t\t\t\t<\/div>\n\t\t<div class=\"elementor-element elementor-element-4a405f9 e-con-full e-flex e-con e-child\" data-id=\"4a405f9\" data-element_type=\"container\" data-e-type=\"container\">\n\t\t\t\t<div class=\"elementor-element elementor-element-456380e elementor-widget elementor-widget-heading\" data-id=\"456380e\" data-element_type=\"widget\" data-e-type=\"widget\" data-widget_type=\"heading.default\">\n\t\t\t\t<div class=\"elementor-widget-container\">\n\t\t\t\t\t<h2 class=\"elementor-heading-title elementor-size-default\">COZINHA ABERTA<\/h2>\t\t\t\t<\/div>\n\t\t\t\t<\/div>\n\t\t\t\t<div class=\"elementor-element elementor-element-8c81cc5 elementor-widget elementor-widget-text-editor\" data-id=\"8c81cc5\" data-element_type=\"widget\" data-e-type=\"widget\" data-widget_type=\"text-editor.default\">\n\t\t\t\t<div class=\"elementor-widget-container\">\n\t\t\t\t\t\t\t\t\t<p class=\"p1\">Com uma abordagem de <em>showcooking<\/em> para aprender e partilhar.<\/p><p>A cozinha aberta da Humbi Home \u00e9 mais do que um espa\u00e7o culin\u00e1rio, \u00e9 um ponto de encontro onde os h\u00f3spedes podem participar.<\/p><p>Se desejarem, podem aprender t\u00e9cnicas de cozinha local ou simplesmente desfrutar do processo, criando uma conex\u00e3o mais profunda com os alimentos.<\/p>\t\t\t\t\t\t\t\t<\/div>\n\t\t\t\t<\/div>\n\t\t\t\t<\/div>\n\t\t\t\t<\/div>\n\t\t\t\t<\/div>\n\t\t<div class=\"elementor-element elementor-element-4b96c32 e-con-full e-flex e-con e-parent\" data-id=\"4b96c32\" data-element_type=\"container\" data-e-type=\"container\" data-settings=\"{&quot;background_background&quot;:&quot;classic&quot;}\">\n\t\t<div class=\"elementor-element elementor-element-cac9271 e-con-full elementor-hidden-mobile e-flex e-con e-child\" data-id=\"cac9271\" data-element_type=\"container\" data-e-type=\"container\" data-settings=\"{&quot;background_background&quot;:&quot;classic&quot;}\">\n\t\t\t\t<\/div>\n\t\t<div class=\"elementor-element elementor-element-fb86f5b e-con-full e-flex e-con e-child\" data-id=\"fb86f5b\" data-element_type=\"container\" data-e-type=\"container\" data-settings=\"{&quot;background_background&quot;:&quot;classic&quot;,&quot;background_motion_fx_motion_fx_scrolling&quot;:&quot;yes&quot;,&quot;background_motion_fx_translateY_effect&quot;:&quot;yes&quot;,&quot;background_motion_fx_translateY_speed&quot;:{&quot;unit&quot;:&quot;px&quot;,&quot;size&quot;:1.5,&quot;sizes&quot;:[]},&quot;background_motion_fx_translateY_affectedRange&quot;:{&quot;unit&quot;:&quot;%&quot;,&quot;size&quot;:&quot;&quot;,&quot;sizes&quot;:{&quot;start&quot;:10,&quot;end&quot;:90}},&quot;background_motion_fx_devices&quot;:[&quot;desktop&quot;,&quot;tablet&quot;,&quot;mobile&quot;]}\">\n\t\t\t\t<div class=\"elementor-element elementor-element-c4eb001 elementor-widget elementor-widget-heading\" data-id=\"c4eb001\" data-element_type=\"widget\" data-e-type=\"widget\" data-widget_type=\"heading.default\">\n\t\t\t\t<div class=\"elementor-widget-container\">\n\t\t\t\t\t<h2 class=\"elementor-heading-title elementor-size-default\">SUSTENTABILIDADE<\/h2>\t\t\t\t<\/div>\n\t\t\t\t<\/div>\n\t\t\t\t<div class=\"elementor-element elementor-element-6ba63b8 elementor-widget elementor-widget-text-editor\" data-id=\"6ba63b8\" data-element_type=\"widget\" data-e-type=\"widget\" data-widget_type=\"text-editor.default\">\n\t\t\t\t<div class=\"elementor-widget-container\">\n\t\t\t\t\t\t\t\t\t<p class=\"p1\">Da terra ao prato.<\/p><p>Os ingredientes prov\u00eam da horta e de produtores locais, numa cozinha que minimiza o seu impacto ambiental e promove a autossufici\u00eancia.<\/p><p>Aqui, cada refei\u00e7\u00e3o representa o esfor\u00e7o compartilhado para respeitar e preservar o ambiente natural.<\/p>\t\t\t\t\t\t\t\t<\/div>\n\t\t\t\t<\/div>\n\t\t\t\t<\/div>\n\t\t\t\t<\/div>\n\t\t<div class=\"elementor-element elementor-element-1f0225e e-con-full e-flex e-con e-parent\" data-id=\"1f0225e\" data-element_type=\"container\" data-e-type=\"container\">\n\t\t<div class=\"elementor-element elementor-element-f1cb246 e-con-full e-flex e-con e-child\" data-id=\"f1cb246\" data-element_type=\"container\" data-e-type=\"container\" data-settings=\"{&quot;background_background&quot;:&quot;classic&quot;}\">\n\t\t<div class=\"elementor-element elementor-element-39420ca e-con-full e-flex e-con e-child\" data-id=\"39420ca\" data-element_type=\"container\" data-e-type=\"container\">\n\t\t\t\t<div class=\"elementor-element elementor-element-04ae97a elementor-widget elementor-widget-heading\" data-id=\"04ae97a\" data-element_type=\"widget\" data-e-type=\"widget\" data-widget_type=\"heading.default\">\n\t\t\t\t<div class=\"elementor-widget-container\">\n\t\t\t\t\t<h2 class=\"elementor-heading-title elementor-size-default\">UMA EXPERI\u00caNCIA CULIN\u00c1RIA \u00daNICA<\/h2>\t\t\t\t<\/div>\n\t\t\t\t<\/div>\n\t\t\t\t<div class=\"elementor-element elementor-element-22f7d94 elementor-widget elementor-widget-text-editor\" data-id=\"22f7d94\" data-element_type=\"widget\" data-e-type=\"widget\" data-widget_type=\"text-editor.default\">\n\t\t\t\t<div class=\"elementor-widget-container\">\n\t\t\t\t\t\t\t\t\t<p class=\"p1\">Sabores frescos, locais e sustent\u00e1veis que nascem na nossa terra e chegam \u00e0 tua mesa.<\/p>\t\t\t\t\t\t\t\t<\/div>\n\t\t\t\t<\/div>\n\t\t\t\t<\/div>\n\t\t\t\t<\/div>\n\t\t\t\t<\/div>\n\t\t\t\t<\/div>\n\t\t","protected":false},"excerpt":{"rendered":"<p>A experi\u00eancia gastron\u00f3mica na Humbi Home destaca-se pelo seu compromisso com a sustentabilidade e o respeito pela natureza.<\/p>\n","protected":false},"author":1,"featured_media":1917,"parent":2144,"menu_order":0,"comment_status":"closed","ping_status":"closed","template":"","meta":{"footnotes":""},"class_list":["post-2152","page","type-page","status-publish","has-post-thumbnail","hentry"],"aioseo_notices":[],"_links":{"self":[{"href":"https:\/\/humbifarm.com\/pt-pt\/wp-json\/wp\/v2\/pages\/2152","targetHints":{"allow":["GET"]}}],"collection":[{"href":"https:\/\/humbifarm.com\/pt-pt\/wp-json\/wp\/v2\/pages"}],"about":[{"href":"https:\/\/humbifarm.com\/pt-pt\/wp-json\/wp\/v2\/types\/page"}],"author":[{"embeddable":true,"href":"https:\/\/humbifarm.com\/pt-pt\/wp-json\/wp\/v2\/users\/1"}],"replies":[{"embeddable":true,"href":"https:\/\/humbifarm.com\/pt-pt\/wp-json\/wp\/v2\/comments?post=2152"}],"version-history":[{"count":17,"href":"https:\/\/humbifarm.com\/pt-pt\/wp-json\/wp\/v2\/pages\/2152\/revisions"}],"predecessor-version":[{"id":2779,"href":"https:\/\/humbifarm.com\/pt-pt\/wp-json\/wp\/v2\/pages\/2152\/revisions\/2779"}],"up":[{"embeddable":true,"href":"https:\/\/humbifarm.com\/pt-pt\/wp-json\/wp\/v2\/pages\/2144"}],"wp:featuredmedia":[{"embeddable":true,"href":"https:\/\/humbifarm.com\/pt-pt\/wp-json\/wp\/v2\/media\/1917"}],"wp:attachment":[{"href":"https:\/\/humbifarm.com\/pt-pt\/wp-json\/wp\/v2\/media?parent=2152"}],"curies":[{"name":"wp","href":"https:\/\/api.w.org\/{rel}","templated":true}]}}